{"id":822,"date":"2025-11-27T12:36:55","date_gmt":"2025-11-27T11:36:55","guid":{"rendered":"https:\/\/staging.koramare.it\/?post_type=product&#038;p=822"},"modified":"2026-03-04T16:26:20","modified_gmt":"2026-03-04T15:26:20","slug":"compote-doranges-bergamote-et-de-gingembre","status":"publish","type":"product","link":"https:\/\/koramare.it\/fr\/compote-doranges-bergamote-et-de-gingembre\/","title":{"rendered":"Compote d'oranges bergamote et de gingembre"},"content":{"rendered":"<p>Cette compote d'oranges, de bergamotes et de gingembre est fabriqu\u00e9e en Calabre \u00e0 partir d'oranges Tarocco biologiques et de bergamotes cultiv\u00e9es \u00e0 Bova Marina, Reggio de Calabre, au c\u0153ur de la vall\u00e9e de San Pasquale, \u00e0 deux pas de la mer Ionienne et nich\u00e9e dans les collines sur les pentes des montagnes de l'Aspromonte.<\/p>\n<p class=\"translation-block\">La r\u00e9gion est r\u00e9put\u00e9e pour sa production d'agrumes, qui y prosp\u00e8re gr\u00e2ce \u00e0 un microclimat id\u00e9al et \u00e0 un sol exceptionnellement fertile. L'orange Tarocco s'\u00e9panouit sous le climat m\u00e9diterran\u00e9en, tandis que la bergamote est cultiv\u00e9e \u00e0 l'extr\u00e9mit\u00e9 de la Calabre, dans un environnement naturel des plus adapt\u00e9s et exclusifs\u00a0: l'\u00e9troite bande c\u00f4ti\u00e8re qui s'\u00e9tend sur une centaine de kilom\u00e8tres entre Scilla et Monasterace.<\/p>\n<p class=\"translation-block\">La bergamote, surnomm\u00e9e \"fruit de la sant\u00e9\" et consid\u00e9r\u00e9e comme un tr\u00e9sor de cette r\u00e9gion, est un agrume tr\u00e8s parfum\u00e9 aux innombrables vertus sensorielles et th\u00e9rapeutiques\u00a0; c\u2019est une v\u00e9ritable mine d\u2019antioxydants, de min\u00e9raux, de vitamines et de mol\u00e9cules b\u00e9n\u00e9fiques pour l\u2019organisme. La saveur sucr\u00e9e de l\u2019orange adoucit l\u2019acidit\u00e9 de la bergamote, tandis que le fruit\u00e9 du gingembre lui conf\u00e8re un go\u00fbt aromatique et une fra\u00eecheur zest\u00e9e.<\/p>\n<p><b>Stockage:<\/b><span style=\"font-weight: 400;\"> \u00c0 conserver dans un endroit frais et sec. Apr\u00e8s ouverture, conserver entre 0 \u00b0C et +4 \u00b0C et consommer rapidement.<br \/>\n<\/span><b>Suggestions de pr\u00e9sentation:<\/b> Excellent au petit-d\u00e9jeuner et en garniture pour les desserts\u00a0; se marie bien avec les fromages et les viandes blanches, et est d\u00e9licieux avec les poissons et les fruits de mer. La temp\u00e9rature de service optimale se situe entre 12\u00a0\u00b0C et 16\u00a0\u00b0C.<br \/>\n<b>Note: <\/b>La couleur, l'ar\u00f4me et la saveur sont typiques d'un fruit parfaitement m\u00fbr, sans aucun go\u00fbt d\u00e9sagr\u00e9able.<\/p>\n<p><span style=\"font-weight: 400;\">\u00a0<\/span><b>Le produit est certifi\u00e9 biologique.<\/b><\/p>\n<p>Fiche produit: <a href=\"https:\/\/koramare.it\/wp-content\/uploads\/2022\/03\/KORAMARE-Composta-di-Agrumi-e-Zenzero.pdf\">T\u00c9L\u00c9CHARGER<\/a><\/p>","protected":false},"excerpt":{"rendered":"<p class=\"translation-block\">Produit <strong>Biologique Certifi\u00e9<\/strong><\/p>\n<p><b>Nom: <\/b>Compote bio d'oranges, de bergamote et de gingembre<span class=\"Apple-converted-space\"><br \/>\n<\/span><b>Processus de production: <\/b>Artisanale, emball\u00e9e sous vide \u00e0 basse temp\u00e9rature (max. 65\u00b0C).<span class=\"Apple-converted-space\"><br \/>\n<\/span><b>Origine des mati\u00e8res premi\u00e8res: <\/b>Fruits : Italie. Sucre de raisin : Italie. Gingembre : P\u00e9rou.<br \/>\n<b>Dur\u00e9e de conservation: <\/b>\u00c0 consommer de pr\u00e9f\u00e9rence dans les 36 mois suivant la date de production.<span class=\"Apple-converted-space\"><br \/>\n<\/span><b>Stockage: <\/b>\u00c0 conserver dans un endroit frais et sec. Apr\u00e8s ouverture, conserver entre 0 \u00b0C et +4 \u00b0C et consommer rapidement.<span class=\"Apple-converted-space\"><br \/>\n<\/span><b>Suggestions de pr\u00e9sentation: <\/b>Excellent au petit-d\u00e9jeuner et en garniture pour les desserts\u00a0; se marie bien avec les fromages et les viandes blanches, et est d\u00e9licieux avec les poissons et les fruits de mer. La temp\u00e9rature de service optimale se situe entre 12\u00a0\u00b0C et 16\u00a0\u00b0C.<\/p>\n<p>&nbsp;<\/p>\n<p>&nbsp;<\/p>","protected":false},"featured_media":590,"comment_status":"open","ping_status":"closed","template":"","meta":[],"product_brand":[],"product_cat":[17],"product_tag":[],"class_list":{"0":"post-822","1":"product","2":"type-product","3":"status-publish","4":"has-post-thumbnail","6":"product_cat-composte","8":"first","9":"instock","10":"taxable","11":"shipping-taxable","12":"purchasable","13":"product-type-variable"},"_links":{"self":[{"href":"https:\/\/koramare.it\/fr\/wp-json\/wp\/v2\/product\/822","targetHints":{"allow":["GET"]}}],"collection":[{"href":"https:\/\/koramare.it\/fr\/wp-json\/wp\/v2\/product"}],"about":[{"href":"https:\/\/koramare.it\/fr\/wp-json\/wp\/v2\/types\/product"}],"replies":[{"embeddable":true,"href":"https:\/\/koramare.it\/fr\/wp-json\/wp\/v2\/comments?post=822"}],"wp:featuredmedia":[{"embeddable":true,"href":"https:\/\/koramare.it\/fr\/wp-json\/wp\/v2\/media\/590"}],"wp:attachment":[{"href":"https:\/\/koramare.it\/fr\/wp-json\/wp\/v2\/media?parent=822"}],"wp:term":[{"taxonomy":"product_brand","embeddable":true,"href":"https:\/\/koramare.it\/fr\/wp-json\/wp\/v2\/product_brand?post=822"},{"taxonomy":"product_cat","embeddable":true,"href":"https:\/\/koramare.it\/fr\/wp-json\/wp\/v2\/product_cat?post=822"},{"taxonomy":"product_tag","embeddable":true,"href":"https:\/\/koramare.it\/fr\/wp-json\/wp\/v2\/product_tag?post=822"}],"curies":[{"name":"wp","href":"https:\/\/api.w.org\/{rel}","templated":true}]}}