{"id":685,"date":"2023-12-08T20:12:52","date_gmt":"2023-12-08T19:12:52","guid":{"rendered":"https:\/\/koramare.it\/?post_type=product&#038;p=685"},"modified":"2026-03-04T16:26:05","modified_gmt":"2026-03-04T15:26:05","slug":"boite-de-citrons-bio","status":"publish","type":"product","link":"https:\/\/koramare.it\/fr\/boite-de-citrons-bio\/","title":{"rendered":"Bo\u00eete de citrons bio"},"content":{"rendered":"<p>R\u00e9galez vos papilles avec nos citrons bio, cultiv\u00e9s avec soin dans la vall\u00e9e ensoleill\u00e9e de San Pasquale, \u00e0 Bova Marina, en Calabre. Choisir la fra\u00eecheur et la durabilit\u00e9 de nos citrons, c'est privil\u00e9gier la qualit\u00e9, soutenir les agriculteurs locaux et faire un choix sain.<\/p>","protected":false},"excerpt":{"rendered":"<p><strong>Origine et culture:<\/strong> Cultiv\u00e9s avec passion sur les terres fertiles de Calabre, nos citrons verts biologiques repr\u00e9sentent le meilleur de la production agricole locale.<br \/>\n<strong>Avantages du bio:<\/strong> Le choix du bio garantit un produit exempt de pesticides nocifs, vous offrant des citrons frais et sains.<br \/>\n<strong>Format:<\/strong> Pack \u00e9conomique de 27 kg pour profiter plus longtemps de la fra\u00eecheur de nos citrons.<br \/>\n<strong>Durabilit\u00e9:<\/strong> Au-del\u00e0 de sa fra\u00eecheur gustative, soutenir ce produit, c'est contribuer \u00e0 une agriculture durable et au bien-\u00eatre des communaut\u00e9s locales.<\/p>\n<p><strong>Produit certifi\u00e9 biologique.<\/strong><\/p>","protected":false},"featured_media":596,"comment_status":"open","ping_status":"closed","template":"","meta":[],"product_brand":[],"product_cat":[23],"product_tag":[],"class_list":{"0":"post-685","1":"product","2":"type-product","3":"status-publish","4":"has-post-thumbnail","6":"product_cat-agrumi-freschi","8":"first","9":"instock","10":"taxable","11":"shipping-taxable","12":"purchasable","13":"product-type-variable"},"_links":{"self":[{"href":"https:\/\/koramare.it\/fr\/wp-json\/wp\/v2\/product\/685","targetHints":{"allow":["GET"]}}],"collection":[{"href":"https:\/\/koramare.it\/fr\/wp-json\/wp\/v2\/product"}],"about":[{"href":"https:\/\/koramare.it\/fr\/wp-json\/wp\/v2\/types\/product"}],"replies":[{"embeddable":true,"href":"https:\/\/koramare.it\/fr\/wp-json\/wp\/v2\/comments?post=685"}],"wp:featuredmedia":[{"embeddable":true,"href":"https:\/\/koramare.it\/fr\/wp-json\/wp\/v2\/media\/596"}],"wp:attachment":[{"href":"https:\/\/koramare.it\/fr\/wp-json\/wp\/v2\/media?parent=685"}],"wp:term":[{"taxonomy":"product_brand","embeddable":true,"href":"https:\/\/koramare.it\/fr\/wp-json\/wp\/v2\/product_brand?post=685"},{"taxonomy":"product_cat","embeddable":true,"href":"https:\/\/koramare.it\/fr\/wp-json\/wp\/v2\/product_cat?post=685"},{"taxonomy":"product_tag","embeddable":true,"href":"https:\/\/koramare.it\/fr\/wp-json\/wp\/v2\/product_tag?post=685"}],"curies":[{"name":"wp","href":"https:\/\/api.w.org\/{rel}","templated":true}]}}