{"id":682,"date":"2023-12-08T19:57:56","date_gmt":"2023-12-08T18:57:56","guid":{"rendered":"https:\/\/koramare.it\/?post_type=product&#038;p=682"},"modified":"2026-03-04T16:26:34","modified_gmt":"2026-03-04T15:26:34","slug":"boite-de-bergamote-bio-de-calabre","status":"publish","type":"product","link":"https:\/\/koramare.it\/fr\/boite-de-bergamote-bio-de-calabre\/","title":{"rendered":"Bo\u00eete de bergamote bio de Calabre"},"content":{"rendered":"<p>Plongez au c\u0153ur de la M\u00e9diterran\u00e9e avec notre caisse de 27 kg de bergamotes bio, cultiv\u00e9es avec passion et d\u00e9vouement en Calabre. La fra\u00eecheur et la durabilit\u00e9 de ce produit renomm\u00e9 et recherch\u00e9 incarnent le go\u00fbt authentique de la nature et les caract\u00e9ristiques d'une excellence reconnue mondialement.<\/p>","protected":false},"excerpt":{"rendered":"<p><strong>Origine et culture:<\/strong> Produit avec passion dans la fertile vall\u00e9e de San Pasquale, \u00e0 Bova Marina, en Italie.<br \/>\n<strong>Avantages du bio:<\/strong> Le choix bio garantit un produit exempt de pesticides nocifs, vous offrant des bergamotes fra\u00eeches et saines.<br \/>\n<strong>Caisse:<\/strong> Le format de 27 kg est con\u00e7u pour ceux qui souhaitent profiter longtemps de la saveur unique des bergamotes, id\u00e9al pour les familles et les passionn\u00e9s d'agriculture durable.<br \/>\n<strong>Durabilit\u00e9:<\/strong> Au-del\u00e0 de sa fra\u00eecheur gustative, soutenir ce produit, c'est contribuer \u00e0 une agriculture durable et au bien-\u00eatre des communaut\u00e9s locales.<\/p>\n<p><strong>Produit certifi\u00e9 biologique.\u00a0<\/strong><\/p>","protected":false},"featured_media":603,"comment_status":"open","ping_status":"closed","template":"","meta":[],"product_brand":[],"product_cat":[23],"product_tag":[],"class_list":{"0":"post-682","1":"product","2":"type-product","3":"status-publish","4":"has-post-thumbnail","6":"product_cat-agrumi-freschi","8":"first","9":"instock","10":"taxable","11":"shipping-taxable","12":"purchasable","13":"product-type-variable"},"_links":{"self":[{"href":"https:\/\/koramare.it\/fr\/wp-json\/wp\/v2\/product\/682","targetHints":{"allow":["GET"]}}],"collection":[{"href":"https:\/\/koramare.it\/fr\/wp-json\/wp\/v2\/product"}],"about":[{"href":"https:\/\/koramare.it\/fr\/wp-json\/wp\/v2\/types\/product"}],"replies":[{"embeddable":true,"href":"https:\/\/koramare.it\/fr\/wp-json\/wp\/v2\/comments?post=682"}],"wp:featuredmedia":[{"embeddable":true,"href":"https:\/\/koramare.it\/fr\/wp-json\/wp\/v2\/media\/603"}],"wp:attachment":[{"href":"https:\/\/koramare.it\/fr\/wp-json\/wp\/v2\/media?parent=682"}],"wp:term":[{"taxonomy":"product_brand","embeddable":true,"href":"https:\/\/koramare.it\/fr\/wp-json\/wp\/v2\/product_brand?post=682"},{"taxonomy":"product_cat","embeddable":true,"href":"https:\/\/koramare.it\/fr\/wp-json\/wp\/v2\/product_cat?post=682"},{"taxonomy":"product_tag","embeddable":true,"href":"https:\/\/koramare.it\/fr\/wp-json\/wp\/v2\/product_tag?post=682"}],"curies":[{"name":"wp","href":"https:\/\/api.w.org\/{rel}","templated":true}]}}