{"id":680,"date":"2023-12-08T19:50:15","date_gmt":"2023-12-08T18:50:15","guid":{"rendered":"https:\/\/koramare.it\/?post_type=product&#038;p=680"},"modified":"2025-12-13T15:12:40","modified_gmt":"2025-12-13T14:12:40","slug":"boite-de-cedres-de-calabre","status":"publish","type":"product","link":"https:\/\/koramare.it\/fr\/boite-de-cedres-de-calabre\/","title":{"rendered":"Bo\u00eete de c\u00e8dres de Calabre"},"content":{"rendered":"<h3>L'ar\u00f4me et la saveur uniques de la vall\u00e9e de San Pasquale : les c\u00e8dres naturels de Koramare.<\/h3>\n<p>D\u00e9couvrez l'ar\u00f4me et la saveur incomparables des citrons cultiv\u00e9s avec soin \u00e0 Bova Marina, dans la pittoresque vall\u00e9e de San Pasquale, en Calabre. Notre caisse de 27 kg vous offre la fra\u00eecheur et l'authenticit\u00e9 d'un produit issu d'une tradition locale, fruit d'un savoir-faire ancestral et d'une qualit\u00e9 authentique, sans contrefa\u00e7on.<\/p>","protected":false},"excerpt":{"rendered":"<p><strong>Origine et culture:<\/strong> Nos citrons sont cultiv\u00e9s sur les terres fertiles de Bova Marina, perp\u00e9tuant ainsi la tradition agricole locale.<br \/>\n<strong>Caisse:<\/strong> Conditionn\u00e9e pour r\u00e9pondre \u00e0 vos besoins, la caisse de 27 kg est id\u00e9ale pour ceux qui souhaitent profiter longtemps de l'ar\u00f4me et de la saveur uniques des citrons de Calabre.<br \/>\n<strong>Engagement envers l'environnement:<\/strong> Au-del\u00e0 de sa fra\u00eecheur, soutenir ce produit, c'est contribuer \u00e0 l'agriculture locale et au bien-\u00eatre de la communaut\u00e9.<\/p>","protected":false},"featured_media":595,"comment_status":"open","ping_status":"closed","template":"","meta":[],"product_brand":[],"product_cat":[23],"product_tag":[],"class_list":{"0":"post-680","1":"product","2":"type-product","3":"status-publish","4":"has-post-thumbnail","6":"product_cat-agrumi-freschi","8":"first","9":"outofstock","10":"taxable","11":"shipping-taxable","12":"purchasable","13":"product-type-variable"},"_links":{"self":[{"href":"https:\/\/koramare.it\/fr\/wp-json\/wp\/v2\/product\/680","targetHints":{"allow":["GET"]}}],"collection":[{"href":"https:\/\/koramare.it\/fr\/wp-json\/wp\/v2\/product"}],"about":[{"href":"https:\/\/koramare.it\/fr\/wp-json\/wp\/v2\/types\/product"}],"replies":[{"embeddable":true,"href":"https:\/\/koramare.it\/fr\/wp-json\/wp\/v2\/comments?post=680"}],"wp:featuredmedia":[{"embeddable":true,"href":"https:\/\/koramare.it\/fr\/wp-json\/wp\/v2\/media\/595"}],"wp:attachment":[{"href":"https:\/\/koramare.it\/fr\/wp-json\/wp\/v2\/media?parent=680"}],"wp:term":[{"taxonomy":"product_brand","embeddable":true,"href":"https:\/\/koramare.it\/fr\/wp-json\/wp\/v2\/product_brand?post=680"},{"taxonomy":"product_cat","embeddable":true,"href":"https:\/\/koramare.it\/fr\/wp-json\/wp\/v2\/product_cat?post=680"},{"taxonomy":"product_tag","embeddable":true,"href":"https:\/\/koramare.it\/fr\/wp-json\/wp\/v2\/product_tag?post=680"}],"curies":[{"name":"wp","href":"https:\/\/api.w.org\/{rel}","templated":true}]}}