{"id":678,"date":"2023-12-08T19:38:44","date_gmt":"2023-12-08T18:38:44","guid":{"rendered":"https:\/\/koramare.it\/?post_type=product&#038;p=678"},"modified":"2026-03-04T16:29:17","modified_gmt":"2026-03-04T15:29:17","slug":"caisse-dorange-tarocco-calabrese-bio","status":"publish","type":"product","link":"https:\/\/koramare.it\/fr\/caisse-dorange-tarocco-calabrese-bio\/","title":{"rendered":"Caisse d'Orange Tarocco Calabrese Bio"},"content":{"rendered":"<p>D\u00e9couvrez la saveur authentique des oranges Tarocco, cultiv\u00e9es biologiquement en Calabre. Notre caisse de 27 kg vous offre une exp\u00e9rience olfactive et gustative unique, et vous permet de soutenir les agriculteurs locaux engag\u00e9s dans une agriculture durable.<\/p>\n<p>Nos agrumes sont cultiv\u00e9s sans pesticides ni engrais de synth\u00e8se selon des m\u00e9thodes traditionnelles dans la vall\u00e9e de San Pasquale, \u00e0 Bova Marina, dans la province de Reggio de Calabre. Le microclimat naturel, cr\u00e9\u00e9 \u00e0 deux pas de la mer Ionienne, au pied des pentes sud-est du massif de l'Aspromonte, fait de chacune de nos r\u00e9coltes une v\u00e9ritable symphonie de saveurs et de bienfaits.<\/p>\n<p><strong>Produit certifi\u00e9 biologique.<\/strong><\/p>","protected":false},"excerpt":{"rendered":"<p><strong>Origine et culture:<\/strong> Vall\u00e9e de San Pasquale, Bova Marina, Italie.<br \/>\n<strong>Avantages du bio:<\/strong> Le choix du bio garantit un produit exempt de pesticides nocifs, favorisant ainsi votre sant\u00e9 et le bien-\u00eatre de l'environnement.<br \/>\n<strong>Caisse:<\/strong> Conditionn\u00e9e pour r\u00e9pondre \u00e0 vos besoins, la bo\u00eete de 27 kg est id\u00e9ale pour ceux qui aiment savourer longtemps le go\u00fbt authentique des oranges Tarocco.<br \/>\n<strong>Durabilit\u00e9:<\/strong> Au-del\u00e0 du plaisir gustatif, soutenir ce produit, c'est contribuer \u00e0 une agriculture durable et au bien-\u00eatre des communaut\u00e9s locales.<\/p>\n<p><strong>Produit certifi\u00e9 biologique.<\/strong><\/p>","protected":false},"featured_media":610,"comment_status":"open","ping_status":"closed","template":"","meta":[],"product_brand":[],"product_cat":[23],"product_tag":[],"class_list":{"0":"post-678","1":"product","2":"type-product","3":"status-publish","4":"has-post-thumbnail","6":"product_cat-agrumi-freschi","8":"first","9":"instock","10":"taxable","11":"shipping-taxable","12":"purchasable","13":"product-type-variable"},"_links":{"self":[{"href":"https:\/\/koramare.it\/fr\/wp-json\/wp\/v2\/product\/678","targetHints":{"allow":["GET"]}}],"collection":[{"href":"https:\/\/koramare.it\/fr\/wp-json\/wp\/v2\/product"}],"about":[{"href":"https:\/\/koramare.it\/fr\/wp-json\/wp\/v2\/types\/product"}],"replies":[{"embeddable":true,"href":"https:\/\/koramare.it\/fr\/wp-json\/wp\/v2\/comments?post=678"}],"wp:featuredmedia":[{"embeddable":true,"href":"https:\/\/koramare.it\/fr\/wp-json\/wp\/v2\/media\/610"}],"wp:attachment":[{"href":"https:\/\/koramare.it\/fr\/wp-json\/wp\/v2\/media?parent=678"}],"wp:term":[{"taxonomy":"product_brand","embeddable":true,"href":"https:\/\/koramare.it\/fr\/wp-json\/wp\/v2\/product_brand?post=678"},{"taxonomy":"product_cat","embeddable":true,"href":"https:\/\/koramare.it\/fr\/wp-json\/wp\/v2\/product_cat?post=678"},{"taxonomy":"product_tag","embeddable":true,"href":"https:\/\/koramare.it\/fr\/wp-json\/wp\/v2\/product_tag?post=678"}],"curies":[{"name":"wp","href":"https:\/\/api.w.org\/{rel}","templated":true}]}}