{"id":582,"date":"2023-12-04T22:08:47","date_gmt":"2023-12-04T22:08:47","guid":{"rendered":"https:\/\/koramare.it\/?post_type=product&#038;p=582"},"modified":"2026-03-04T16:29:06","modified_gmt":"2026-03-04T15:29:06","slug":"composte-bio-de-bergamote-tutta-frutta","status":"publish","type":"product","link":"https:\/\/koramare.it\/fr\/composte-bio-de-bergamote-tutta-frutta\/","title":{"rendered":"Composte Bio de Bergamote \"Tutta Frutta\""},"content":{"rendered":"<div class=\"page\" title=\"Page 1\">\n<div class=\"section\">\n<div class=\"layoutArea\">\n<div class=\"column\">\n<p>La compote de bergamote \"Tutta Frutta\" est produite en Calabre avec des bergamotes biologiques cultiv\u00e9es \u00e0 Bova Marina, dans la province de Reggio de Calabre, au c\u0153ur de la vall\u00e9e de San Pasquale, \u00e0 deux pas de la mer Ionienne, sur les collines \u00e0 flanc de l'Aspromonte.<\/p>\n<p>La r\u00e9gion est r\u00e9put\u00e9e pour sa production d'agrumes, qui y prosp\u00e8re gr\u00e2ce \u00e0 un microclimat id\u00e9al et \u00e0 une fertilit\u00e9 des sols extraordinaire.<\/p>\n<p><b>Instructions de stockage<\/b><span style=\"font-weight: 400;\">: \u00c0 conserver dans un endroit frais et sec. Apr\u00e8s ouverture, conserver entre 0 \u00b0C et +4 \u00b0C et consommer rapidement.<br \/>\n<\/span><b>Suggestions de pr\u00e9sentation: <\/b>Excellent au petit-d\u00e9jeuner et en garniture pour desserts\u00a0; se marie bien avec les fromages et les charcuteries. \u00c0 servir \u00e0 une temp\u00e9rature comprise entre 12\u00a0\u00b0C et 16\u00a0\u00b0C.<br \/>\n<b>Propri\u00e9t\u00e9s: <\/b>La bergamote peut \u00eatre consid\u00e9r\u00e9e comme une bonne source alimentaire de nutriments et de compos\u00e9s antioxydants, notamment de flavono\u00efdes, d'anthocyanes et de polyph\u00e9nols. Les polyph\u00e9nols et les flavono\u00efdes totaux contribuent significativement \u00e0 l'activit\u00e9 antioxydante gr\u00e2ce \u00e0 leurs propri\u00e9t\u00e9s anti-inflammatoires et anti-ath\u00e9roscl\u00e9rotiques.<\/p>\n<p><b>Note: <\/b>Sans gluten, allerg\u00e8nes, colorants, conservateurs, ar\u00f4mes, \u00e9paississants ni pectine.<br \/>\nLa couleur, l'ar\u00f4me et la saveur sont typiques d'un fruit parfaitement m\u00fbr, sans aucun go\u00fbt d\u00e9sagr\u00e9able.<\/p>\n<p><b>Le produit est certifi\u00e9 biologique.<br \/>\nFiche produit: <a href=\"https:\/\/koramare.it\/wp-content\/uploads\/2022\/03\/KORAMARE-Composta-di-arance.pdf\">T\u00c9L\u00c9CHARGER<\/a><br \/>\n<\/b><\/p>\n<\/div>\n<\/div>\n<\/div>\n<\/div>","protected":false},"excerpt":{"rendered":"<p><strong>Le produit est certifi\u00e9 biologique.<\/strong><\/p>\n<p><strong>Nom<\/strong>: Compote de Bergamote Bio \"Tutta Frutta\"<br \/>\n<strong>Poids<\/strong>: 100 g<br \/>\n<strong>Production<\/strong>: Artisanale, emball\u00e9e sous vide \u00e0 basse temp\u00e9rature (max 65\u00b0C).<br \/>\n<strong>Origine des mati\u00e8res premi\u00e8res:<\/strong>Bergamote : Italie. Sucre de raisin : Italie.<br \/>\n<strong>Date d'expiration<\/strong>: \u00c0 consommer de pr\u00e9f\u00e9rence dans les 36 mois suivant la date de production.<br \/>\n<strong>Stockage<\/strong>: \u00c0 conserver dans un endroit frais et sec. Apr\u00e8s ouverture, conserver entre 0 \u00b0C et +4 \u00b0C et consommer rapidement.<br \/>\n<strong>Mode d'emploi<\/strong>: <span style=\"font-weight: 400;\">La temp\u00e9rature optimale de consommation est de 12\u00b0\/16\u00b0C.<\/span><\/p>\n<p><b>Note: <\/b>Sans gluten, allerg\u00e8nes, colorants, conservateurs, ar\u00f4mes, \u00e9paississants ni pectine.<br \/>\nLa couleur, l'ar\u00f4me et la saveur sont typiques d'un fruit parfaitement m\u00fbr, sans aucun go\u00fbt d\u00e9sagr\u00e9able.<\/p>","protected":false},"featured_media":589,"comment_status":"open","ping_status":"closed","template":"","meta":[],"product_brand":[],"product_cat":[17],"product_tag":[],"class_list":{"0":"post-582","1":"product","2":"type-product","3":"status-publish","4":"has-post-thumbnail","6":"product_cat-composte","8":"first","9":"instock","10":"taxable","11":"shipping-taxable","12":"purchasable","13":"product-type-variable"},"_links":{"self":[{"href":"https:\/\/koramare.it\/fr\/wp-json\/wp\/v2\/product\/582","targetHints":{"allow":["GET"]}}],"collection":[{"href":"https:\/\/koramare.it\/fr\/wp-json\/wp\/v2\/product"}],"about":[{"href":"https:\/\/koramare.it\/fr\/wp-json\/wp\/v2\/types\/product"}],"replies":[{"embeddable":true,"href":"https:\/\/koramare.it\/fr\/wp-json\/wp\/v2\/comments?post=582"}],"wp:featuredmedia":[{"embeddable":true,"href":"https:\/\/koramare.it\/fr\/wp-json\/wp\/v2\/media\/589"}],"wp:attachment":[{"href":"https:\/\/koramare.it\/fr\/wp-json\/wp\/v2\/media?parent=582"}],"wp:term":[{"taxonomy":"product_brand","embeddable":true,"href":"https:\/\/koramare.it\/fr\/wp-json\/wp\/v2\/product_brand?post=582"},{"taxonomy":"product_cat","embeddable":true,"href":"https:\/\/koramare.it\/fr\/wp-json\/wp\/v2\/product_cat?post=582"},{"taxonomy":"product_tag","embeddable":true,"href":"https:\/\/koramare.it\/fr\/wp-json\/wp\/v2\/product_tag?post=582"}],"curies":[{"name":"wp","href":"https:\/\/api.w.org\/{rel}","templated":true}]}}