{"id":580,"date":"2023-12-04T22:02:20","date_gmt":"2023-12-04T22:02:20","guid":{"rendered":"https:\/\/koramare.it\/?post_type=product&#038;p=580"},"modified":"2026-03-04T16:28:54","modified_gmt":"2026-03-04T15:28:54","slug":"compote-doranges-et-de-cannelle-bio","status":"publish","type":"product","link":"https:\/\/koramare.it\/fr\/compote-doranges-et-de-cannelle-bio\/","title":{"rendered":"Compote d'oranges et de cannelle bio"},"content":{"rendered":"<p>La compote d'oranges et de cannelle est produite en Calabre avec des oranges Tarocco biologiques cultiv\u00e9es \u00e0 Bova Marina \u2013 Reggio de Calabre, au c\u0153ur de la vall\u00e9e de San Pasquale, \u00e0 deux pas de la mer Ionienne, parmi les collines sur les pentes de l'Aspromonte.<\/p>\n<p class=\"translation-block\">La r\u00e9gion est r\u00e9put\u00e9e pour sa production d'agrumes, qui y prosp\u00e8re gr\u00e2ce \u00e0 un microclimat id\u00e9al et \u00e0 une fertilit\u00e9 des sols exceptionnelle. Une l\u00e9g\u00e8re touche de cannelle vient sublimer un ar\u00f4me d\u00e9j\u00e0 incomparable.<\/p>\n<p><b>Nom: <\/b>Compote d'oranges et de cannelle bio<span class=\"Apple-converted-space\"><br \/>\n<\/span><b>Suggestions de pr\u00e9sentation:<span class=\"Apple-converted-space\">\u00a0 <\/span><\/b>Excellent au petit-d\u00e9jeuner et en garniture pour les desserts\u00a0; se marie bien avec les fromages et les viandes blanches, et est d\u00e9licieux avec les poissons et les fruits de mer. La temp\u00e9rature de service optimale se situe entre<span class=\"Apple-converted-space\">\u00a0 <\/span>12 \u00e0 16\u00a0\u00b0C.<br \/>\n<strong>Note:<\/strong> Sans gluten, allerg\u00e8nes, colorants, conservateurs, ar\u00f4mes, \u00e9paississants ni pectine.<br \/>\nLa couleur, l'ar\u00f4me et la saveur sont typiques d'un fruit parfaitement m\u00fbr, sans aucun go\u00fbt d\u00e9sagr\u00e9able.<\/p>\n<p><b>Le produit est certifi\u00e9 biologique.<br \/>\nScheda prodotto: <a href=\"https:\/\/koramare.it\/wp-content\/uploads\/2022\/03\/KORAMARE-Composta-di-Arance-e-Cannella.pdf\">T\u00c9L\u00c9CHARGER<\/a><br \/>\n<\/b><\/p>","protected":false},"excerpt":{"rendered":"<p><strong>Le produit est certifi\u00e9 biologique.<\/strong><\/p>\n<p><b>Nom:<\/b><span style=\"font-weight: 400;\"> Compote d'oranges et de cannelle bio<br \/>\n<\/span><b>Ingr\u00e9dients: <\/b>Pulpe et \u00e9corce d'orange biologique (99 g pour 100 g de produit fini), sucre de raisin biologique, cannelle biologique (1 g pour 100 g de produit fini)<br \/>\n<b>Origine des mati\u00e8res premi\u00e8res: <\/b>Fruits : Italie. Sucre de raisin : Italie. Cannelle : Vietnam<br \/>\n<b>Processus de production:<\/b> production artisanale, emball\u00e9e sous vide \u00e0 basse temp\u00e9rature (max 65\u00b0C).<br \/>\n<b>Dur\u00e9e de conservation:<\/b> \u00c0 consommer de pr\u00e9f\u00e9rence dans les 36 mois suivant la date de production.<br \/>\n<strong>Note:<\/strong> Sans gluten, allerg\u00e8nes, colorants, conservateurs, ar\u00f4mes, \u00e9paississants ni pectine.<br \/>\nLa couleur, l'ar\u00f4me et la saveur sont typiques d'un fruit parfaitement m\u00fbr, sans aucun go\u00fbt d\u00e9sagr\u00e9able.<\/p>\n<p>&nbsp;<\/p>\n<p>&nbsp;<\/p>","protected":false},"featured_media":606,"comment_status":"open","ping_status":"closed","template":"","meta":[],"product_brand":[],"product_cat":[17],"product_tag":[],"class_list":{"0":"post-580","1":"product","2":"type-product","3":"status-publish","4":"has-post-thumbnail","6":"product_cat-composte","8":"first","9":"instock","10":"taxable","11":"shipping-taxable","12":"purchasable","13":"product-type-variable"},"_links":{"self":[{"href":"https:\/\/koramare.it\/fr\/wp-json\/wp\/v2\/product\/580","targetHints":{"allow":["GET"]}}],"collection":[{"href":"https:\/\/koramare.it\/fr\/wp-json\/wp\/v2\/product"}],"about":[{"href":"https:\/\/koramare.it\/fr\/wp-json\/wp\/v2\/types\/product"}],"replies":[{"embeddable":true,"href":"https:\/\/koramare.it\/fr\/wp-json\/wp\/v2\/comments?post=580"}],"wp:featuredmedia":[{"embeddable":true,"href":"https:\/\/koramare.it\/fr\/wp-json\/wp\/v2\/media\/606"}],"wp:attachment":[{"href":"https:\/\/koramare.it\/fr\/wp-json\/wp\/v2\/media?parent=580"}],"wp:term":[{"taxonomy":"product_brand","embeddable":true,"href":"https:\/\/koramare.it\/fr\/wp-json\/wp\/v2\/product_brand?post=580"},{"taxonomy":"product_cat","embeddable":true,"href":"https:\/\/koramare.it\/fr\/wp-json\/wp\/v2\/product_cat?post=580"},{"taxonomy":"product_tag","embeddable":true,"href":"https:\/\/koramare.it\/fr\/wp-json\/wp\/v2\/product_tag?post=580"}],"curies":[{"name":"wp","href":"https:\/\/api.w.org\/{rel}","templated":true}]}}