{"id":577,"date":"2023-12-04T21:41:29","date_gmt":"2023-12-04T21:41:29","guid":{"rendered":"https:\/\/koramare.it\/?post_type=product&#038;p=577"},"modified":"2025-03-24T16:47:30","modified_gmt":"2025-03-24T15:47:30","slug":"huile-essentielle-dorange-douce-biologique","status":"publish","type":"product","link":"https:\/\/koramare.it\/fr\/huile-essentielle-dorange-douce-biologique\/","title":{"rendered":"L\u2019Huile Essentielle d\u2019Orange Douce Biologique"},"content":{"rendered":"<p>L'huile essentielle d'orange poss\u00e8de de puissantes propri\u00e9t\u00e9s toniques, rafra\u00eechissantes et anti-stress. Elle peut \u00eatre utilis\u00e9e comme d\u00e9sodorisant d'int\u00e9rieur ou dilu\u00e9e dans de l'eau chaude comme lotion tonique pour la peau.<\/p>\n<p><b>Instructions de stockage<\/b><span style=\"font-weight: 400;\">: Il est pr\u00e9f\u00e9rable de conserver les huiles essentielles dans un endroit frais et sec, \u00e0 l'abri de la lumi\u00e8re et de la chaleur. Les huiles essentielles d'agrumes sont plus sensibles \u00e0 l'oxydation que les autres huiles essentielles.<\/span><\/p>\n<p><b>Suggestions de pr\u00e9sentation: <\/b><span style=\"font-weight: 400;\">Utilisez-le dans un diffuseur d'air pour parfumer agr\u00e9ablement la pi\u00e8ce. Il peut \u00e9galement \u00eatre utilis\u00e9 dans le bain pour un effet relaxant, dans le bac \u00e0 eau ou pour parfumer vos produits d'entretien. Vous pouvez aussi d\u00e9poser quelques gouttes sur un mouchoir et les inhaler au besoin pour att\u00e9nuer le stress.\u00a0<\/span><\/p>\n<p><b>Pr\u00e9cautions d'emploi<\/b><span style=\"font-weight: 400;\">: \u00c9viter tout contact avec les yeux. Tenir hors de port\u00e9e des enfants. Contient des mol\u00e9cules photosensibilisantes\u00a0; ne pas exposer la peau au soleil apr\u00e8s utilisation.\u00a0<\/span><\/p>\n<p><b>Propri\u00e9t\u00e9s des huiles essentielles: <\/b><span style=\"font-weight: 400;\">: Carminatif et digestif, s\u00e9datif contre l'anxi\u00e9t\u00e9, aux effets b\u00e9n\u00e9fiques sur le stress, anti-inflammatoire et aromatisant. Tonifiant, \u00e9nergisant et purifiant pour la peau.\u00a0<\/span><\/p>\n<p><b>Le produit est certifi\u00e9 biologique.<\/b><\/p>","protected":false},"excerpt":{"rendered":"<p>L'huile essentielle de mandarine a une couleur jaune-orange et un parfum frais, acidul\u00e9 et aromatique.<br \/>\nElle stimule la bonne humeur et l'envie d'entreprendre. L'huile essentielle d'orange est extraite \u00e0 froid des \u00e9corces d'orange.<\/p>\n<p><strong>Produit certifi\u00e9 biologique.<\/strong><\/p>\n<p><b>Nom<\/b><span style=\"font-weight: 400;\">: Huile essentielle d'orange biologique<br \/>\n<\/span><b>Ingr\u00e9dients<\/b>: Orange 100% bio<br \/>\n<b>Processus de production: <\/b>Extraction \u00e0 froid. Huile essentielle 100 % pure et naturelle, non dilu\u00e9e et non rectifi\u00e9e, au parfum doux et fruit\u00e9.<br \/>\n<b>Origine des mati\u00e8res premi\u00e8res<\/b>: Oranges : Italie<br \/>\n<b>Principaux composants actifs: <\/b>Limon\u00e8ne (90-98%), Myrc\u00e8ne (1-3%)<br \/>\n<b>Dur\u00e9e de conservation: <\/b>12 mois apr\u00e8s l'ouverture<br \/>\n<strong>Contenu<\/strong>: 10ml<\/p>","protected":false},"featured_media":591,"comment_status":"open","ping_status":"closed","template":"","meta":[],"product_brand":[],"product_cat":[19],"product_tag":[],"class_list":{"0":"post-577","1":"product","2":"type-product","3":"status-publish","4":"has-post-thumbnail","6":"product_cat-olio-essenziale","8":"first","9":"outofstock","10":"taxable","11":"shipping-taxable","12":"purchasable","13":"product-type-simple"},"_links":{"self":[{"href":"https:\/\/koramare.it\/fr\/wp-json\/wp\/v2\/product\/577","targetHints":{"allow":["GET"]}}],"collection":[{"href":"https:\/\/koramare.it\/fr\/wp-json\/wp\/v2\/product"}],"about":[{"href":"https:\/\/koramare.it\/fr\/wp-json\/wp\/v2\/types\/product"}],"replies":[{"embeddable":true,"href":"https:\/\/koramare.it\/fr\/wp-json\/wp\/v2\/comments?post=577"}],"wp:featuredmedia":[{"embeddable":true,"href":"https:\/\/koramare.it\/fr\/wp-json\/wp\/v2\/media\/591"}],"wp:attachment":[{"href":"https:\/\/koramare.it\/fr\/wp-json\/wp\/v2\/media?parent=577"}],"wp:term":[{"taxonomy":"product_brand","embeddable":true,"href":"https:\/\/koramare.it\/fr\/wp-json\/wp\/v2\/product_brand?post=577"},{"taxonomy":"product_cat","embeddable":true,"href":"https:\/\/koramare.it\/fr\/wp-json\/wp\/v2\/product_cat?post=577"},{"taxonomy":"product_tag","embeddable":true,"href":"https:\/\/koramare.it\/fr\/wp-json\/wp\/v2\/product_tag?post=577"}],"curies":[{"name":"wp","href":"https:\/\/api.w.org\/{rel}","templated":true}]}}