{"id":317,"date":"2022-11-03T19:04:46","date_gmt":"2022-11-03T19:04:46","guid":{"rendered":"https:\/\/koramare.it\/?post_type=product&#038;p=317"},"modified":"2026-03-04T16:28:44","modified_gmt":"2026-03-04T15:28:44","slug":"huile-essentielle-de-bergamote-biologique","status":"publish","type":"product","link":"https:\/\/koramare.it\/fr\/huile-essentielle-de-bergamote-biologique\/","title":{"rendered":"Huile essentielle de bergamote biologique(10ml)"},"content":{"rendered":"<p>L'huile essentielle de bergamote poss\u00e8de de puissantes propri\u00e9t\u00e9s antiseptiques, anti-infectieuses et cicatrisantes, ce qui la rend id\u00e9ale pour traiter les probl\u00e8mes de peau, les plaies et diverses dermatoses. La bergamote est apaisante et s\u00e9dative, comme la plupart des huiles essentielles d'agrumes, et est \u00e9galement reconnue pour lutter contre le stress et l'insomnie.<\/p>\n<p><strong>Qualit\u00e9<\/strong>: Huile essentielle 100 % pure et naturelle, non dilu\u00e9e et non rectifi\u00e9e, au parfum doux et fruit\u00e9 et \u00e0 la couleur jaune \u00e0 vert olive<\/p>\n<p><strong>Pays d'origine<\/strong>: Italia<\/p>\n<p><strong>M\u00e9thode de production<\/strong>: Press\u00e9 \u00e0 froid \u2013 Extraction \u00e0 froid<\/p>\n<p><strong>Pi\u00e8ce travaill\u00e9e<\/strong>: couenne<\/p>\n<p><strong>Principaux composants actifs<\/strong>: Limon\u00e8ne (30 % \u2013 45 %), ac\u00e9tate de linalyle (22 % - 36 %), linalol (8 % \u2013 12 %).<\/p>\n<p><strong>Indications et utilisations<\/strong>: Utilis\u00e9 dans les diffuseurs d'air, il parfume agr\u00e9ablement la pi\u00e8ce d'une fragrance vivifiante. Il peut \u00e9galement servir dans le bain pour un effet relaxant, dans le bac \u00e0 eau ou pour parfumer les produits d'entretien.<\/p>\n<p><strong>Pr\u00e9cautions d'emploi<\/strong>: L'huile essentielle de bergamote poss\u00e8de des propri\u00e9t\u00e9s photosensibilisantes (principalement dues au bergapt\u00e8ne)\u00a0; l'exposition au soleil est donc d\u00e9conseill\u00e9e apr\u00e8s application cutan\u00e9e. Le bergapt\u00e8ne, ainsi que d'autres furocoumarines, est responsable de la phototoxicit\u00e9 de l'huile de bergamote. Il provoque une photosensibilisation de la peau aux rayons du soleil, notamment aux ultraviolets. En raison de la pr\u00e9sence de bergapt\u00e8ne dans cette huile, il est recommand\u00e9 de consulter un sp\u00e9cialiste avant utilisation. Bien diluer avant emploi\u00a0; peut provoquer une irritation cutan\u00e9e chez certaines personnes\u00a0; un test cutan\u00e9 pr\u00e9alable est conseill\u00e9. \u00c9viter le contact avec les yeux. Tenir hors de port\u00e9e des enfants.<\/p>\n<p><strong>Stockage<\/strong>: Il est pr\u00e9f\u00e9rable de conserver les huiles essentielles dans un endroit frais et sec, \u00e0 l'abri de la lumi\u00e8re et de la chaleur. Les huiles essentielles d'agrumes sont plus sensibles \u00e0 l'oxydation que les autres huiles essentielles.<\/p>","protected":false},"excerpt":{"rendered":"<p>L'huile essentielle de mandarine a une couleur jaune-orange et un parfum frais, acidul\u00e9 et aromatique.<br \/>\nElle stimule la bonne humeur et l'envie d'entreprendre. L'huile essentielle d'orange est extraite \u00e0 froid des \u00e9corces d'orange.<\/p>\n<p><strong>Produit certifi\u00e9 biologique.<br \/>\n<\/strong><\/p>\n<p><b>Nom<\/b><span style=\"font-weight: 400;\">: Huile essentielle de bergamote biologique<br \/>\n<\/span><b>Ingr\u00e9dients<\/b><span style=\"font-weight: 400;\">: bergamote 100% biologique<br \/>\n<\/span><b>Processus de production: <\/b>Extraction \u00e0 froid. Huile essentielle 100 % pure et naturelle, non dilu\u00e9e et non rectifi\u00e9e, au parfum doux et fruit\u00e9.<br \/>\n<b>Origine des mati\u00e8res premi\u00e8res<\/b><span style=\"font-weight: 400;\">: Bergamotto: Italia<br \/>\n<\/span><b>Principaux composants actifs: <\/b>Limonene (30% \u2013 45%), acetato di linalile (22% -36%), linalolo (8% \u2013 12%).<br \/>\n<strong><b>Dur\u00e9e de conservation: <\/b><span style=\"font-weight: 400;\">12 mois apr\u00e8s l'ouverture<\/span><\/strong><\/p>\n<p><strong>Contenu<\/strong>: 10ml<\/p>","protected":false},"featured_media":313,"comment_status":"open","ping_status":"closed","template":"","meta":[],"product_brand":[],"product_cat":[19],"product_tag":[],"class_list":{"0":"post-317","1":"product","2":"type-product","3":"status-publish","4":"has-post-thumbnail","6":"product_cat-olio-essenziale","8":"first","9":"instock","10":"taxable","11":"shipping-taxable","12":"purchasable","13":"product-type-simple"},"_links":{"self":[{"href":"https:\/\/koramare.it\/fr\/wp-json\/wp\/v2\/product\/317","targetHints":{"allow":["GET"]}}],"collection":[{"href":"https:\/\/koramare.it\/fr\/wp-json\/wp\/v2\/product"}],"about":[{"href":"https:\/\/koramare.it\/fr\/wp-json\/wp\/v2\/types\/product"}],"replies":[{"embeddable":true,"href":"https:\/\/koramare.it\/fr\/wp-json\/wp\/v2\/comments?post=317"}],"wp:featuredmedia":[{"embeddable":true,"href":"https:\/\/koramare.it\/fr\/wp-json\/wp\/v2\/media\/313"}],"wp:attachment":[{"href":"https:\/\/koramare.it\/fr\/wp-json\/wp\/v2\/media?parent=317"}],"wp:term":[{"taxonomy":"product_brand","embeddable":true,"href":"https:\/\/koramare.it\/fr\/wp-json\/wp\/v2\/product_brand?post=317"},{"taxonomy":"product_cat","embeddable":true,"href":"https:\/\/koramare.it\/fr\/wp-json\/wp\/v2\/product_cat?post=317"},{"taxonomy":"product_tag","embeddable":true,"href":"https:\/\/koramare.it\/fr\/wp-json\/wp\/v2\/product_tag?post=317"}],"curies":[{"name":"wp","href":"https:\/\/api.w.org\/{rel}","templated":true}]}}