{"id":333,"date":"2023-11-09T13:46:06","date_gmt":"2023-11-09T13:46:06","guid":{"rendered":"https:\/\/koramare.it\/?page_id=333"},"modified":"2023-12-01T11:01:32","modified_gmt":"2023-12-01T11:01:32","slug":"spedizioni","status":"publish","type":"page","link":"https:\/\/koramare.it\/fr\/spedizioni\/","title":{"rendered":"Politique d'exp\u00e9dition"},"content":{"rendered":"<h2>Politique d'exp\u00e9dition<\/h2>\n<p>Bienvenue sur la boutique en ligne Koramare et merci d'avoir choisi nos produits. Pour votre enti\u00e8re satisfaction, veuillez consulter ci-dessous notre politique d'exp\u00e9dition d\u00e9taill\u00e9e.<\/p>\n<h3>D\u00e9lais de traitement des commandes\u00a0:<\/h3>\n<p>Une fois votre commande pass\u00e9e, nous mettons tout en \u0153uvre pour la traiter dans les meilleurs d\u00e9lais. Ces d\u00e9lais varient selon le type de produit et sa disponibilit\u00e9. Comptez g\u00e9n\u00e9ralement entre 1 et 3 jours ouvr\u00e9s pour le traitement des commandes. Afin de garantir leur fra\u00eecheur, les commandes de fruits frais sont pr\u00e9par\u00e9es le week-end et exp\u00e9di\u00e9es uniquement les lundis et mardis.<\/p>\n<h3>M\u00e9thodes d'exp\u00e9dition\u00a0:<\/h3>\n<p>Nous proposons diff\u00e9rentes options de livraison pour r\u00e9pondre \u00e0 vos besoins. Vous pouvez choisir votre mode de livraison pr\u00e9f\u00e9r\u00e9 lors du paiement. Les options disponibles incluent la livraison standard, express ou des services de messagerie sp\u00e9cialis\u00e9s.<\/p>\n<h3>Tarifs d'exp\u00e9dition :<\/h3>\n<p>Les frais de livraison sont calcul\u00e9s en fonction du poids total de votre commande, de votre destination et du mode de livraison choisi. Vous pouvez consulter les tarifs applicables lors du paiement avant de confirmer votre commande.<\/p>\n<h3>Livraison nationale et internationale :<\/h3>\n<p>Nous livrons nos produits en Italie. Pour les envois internationaux, les frais et d\u00e9lais de livraison peuvent varier selon la destination et les proc\u00e9dures douani\u00e8res locales. Veuillez noter que des frais de douane ou taxes suppl\u00e9mentaires peuvent s'appliquer aux envois internationaux\u00a0; ces frais sont \u00e0 la charge du destinataire. Pour passer une commande \u00e0 destination de l'international, veuillez contacter notre service client.<\/p>\n<h3>Suivi de commande\u00a0:<\/h3>\n<p>Une fois votre commande exp\u00e9di\u00e9e, vous recevrez un courriel de confirmation contenant votre num\u00e9ro de suivi. Celui-ci vous permettra de suivre l'\u00e9tat et la localisation de votre colis tout au long de son acheminement.<\/p>\n<h3>Adresse de livraison:<\/h3>\n<p>Veuillez vous assurer de fournir une adresse de livraison correcte lors de votre commande. Nous ne pourrons \u00eatre tenus responsables des retards ou erreurs de livraison dus \u00e0 des informations d'exp\u00e9dition incompl\u00e8tes ou inexactes.<\/p>\n<h3>Retards de livraison\u00a0:<\/h3>\n<p>En cas de retards impr\u00e9vus dus \u00e0 des circonstances exceptionnelles ou \u00e0 des \u00e9v\u00e9nements ind\u00e9pendants de notre volont\u00e9, nous ferons de notre mieux pour vous en informer rapidement et pour r\u00e9soudre la situation au plus vite.<\/p>\n<h2>Contact<\/h2>\n<p>Nous sommes l\u00e0 pour rendre votre exp\u00e9rience d'achat aussi agr\u00e9able que possible.<br \/>\nPour plus d'informations sur notre politique d'exp\u00e9dition ou pour obtenir de l'aide, <a href=\"mailto:info@koramare.it\" target=\"_blank\" rel=\"noopener\">n'h\u00e9sitez pas \u00e0 nous contacter<\/a>.<\/p>\n<div class=\"wpb_text_column wpb_content_element\">\n<h4><strong>KORAMARE<br \/>\npar Valeria Ileana Siciliano<\/strong><\/h4>\n<div>\n<p>P. IVA: IT02968100806<\/p>\n<p><em>Si\u00e8ge social<br \/>\n<\/em>via Fondo Vivo snc<br \/>\n89035 BOVA MARINA (RC)<\/p>\n<\/div>\n<\/div>\n<div><em>Sites op\u00e9rationnels<\/em><br \/>\nVallata di San Pasquale snc<br \/>\n89035 BOVA MARINA (RC)<br \/>\n89036 CONDOFURI (RC)<\/div>\n<div class=\"wpb_text_column wpb_content_element\">\n<div>\n<p><b>E-Mail<br \/>\n<\/b>info (at) koramare (punto) it<\/p>\n<\/div>\n<\/div>\n<p>Merci de votre confiance en notre magasin.<\/p>","protected":false},"excerpt":{"rendered":"<p>Politica di Spedizione Benvenuto nel negozio online Koramare, e grazie di aver scelto i nostri prodotti. \u2028Per garantirti la massima soddisfazione, ti preghiamo di trovare di seguito la nostra politica&#8230;<\/p>","protected":false},"author":1,"featured_media":0,"parent":0,"menu_order":0,"comment_status":"closed","ping_status":"closed","template":"","meta":{"footnotes":""},"class_list":["post-333","page","type-page","status-publish"],"_links":{"self":[{"href":"https:\/\/koramare.it\/fr\/wp-json\/wp\/v2\/pages\/333","targetHints":{"allow":["GET"]}}],"collection":[{"href":"https:\/\/koramare.it\/fr\/wp-json\/wp\/v2\/pages"}],"about":[{"href":"https:\/\/koramare.it\/fr\/wp-json\/wp\/v2\/types\/page"}],"author":[{"embeddable":true,"href":"https:\/\/koramare.it\/fr\/wp-json\/wp\/v2\/users\/1"}],"replies":[{"embeddable":true,"href":"https:\/\/koramare.it\/fr\/wp-json\/wp\/v2\/comments?post=333"}],"version-history":[{"count":0,"href":"https:\/\/koramare.it\/fr\/wp-json\/wp\/v2\/pages\/333\/revisions"}],"wp:attachment":[{"href":"https:\/\/koramare.it\/fr\/wp-json\/wp\/v2\/media?parent=333"}],"curies":[{"name":"wp","href":"https:\/\/api.w.org\/{rel}","templated":true}]}}