{"id":332,"date":"2023-11-09T13:45:47","date_gmt":"2023-11-09T13:45:47","guid":{"rendered":"https:\/\/koramare.it\/?page_id=332"},"modified":"2023-11-29T09:15:04","modified_gmt":"2023-11-29T09:15:04","slug":"termini-condizioni","status":"publish","type":"page","link":"https:\/\/koramare.it\/fr\/termini-condizioni\/","title":{"rendered":"Conditions g\u00e9n\u00e9rales"},"content":{"rendered":"<p>Derni\u00e8re mise \u00e0 jour : 29 novembre 2023\n<p>Veuillez lire attentivement les pr\u00e9sentes Conditions d'utilisation (\u00ab\u00a0Conditions\u00a0\u00bb, \u00ab\u00a0Conditions d'utilisation\u00a0\u00bb).<br \/>\navant d\u2019utiliser le site web https:\/\/koramare.it (le \u00ab Service \u00bb) exploit\u00e9 par Agricoltura Bio Koramare (\u00ab nous \u00bb, \u00ab notre \u00bb ou \u00ab nos \u00bb).<\/p>\n<p class=\"translation-block\">Votre acc\u00e8s au Service et son utilisation sont conditionn\u00e9s par votre acceptation et votre respect des pr\u00e9sentes Conditions. Ces Conditions s'appliquent \u00e0 tous les visiteurs, utilisateurs et autres personnes qui acc\u00e8dent au Service ou l'utilisent.<\/p>\n<p>En acc\u00e9dant au Service ou en l'utilisant, vous acceptez d'\u00eatre li\u00e9 par les pr\u00e9sentes Conditions.<br \/>\nSi vous n'acceptez pas une quelconque partie des pr\u00e9sentes Conditions, vous ne pouvez pas acc\u00e9der au Service.<\/p>\n<h2>Account<\/h2>\n<p>Lorsque vous cr\u00e9ez un compte chez nous, vous devez nous fournir des informations exactes, compl\u00e8tes et \u00e0 jour en tout temps.<br \/>\nLe non-respect de cette consigne constitue une violation des Conditions g\u00e9n\u00e9rales, pouvant entra\u00eener\u00a0:<br \/>\nla r\u00e9siliation imm\u00e9diate de votre compte sur notre Service.<\/p>\n<p>Il vous incombe de prot\u00e9ger le mot de passe que vous utilisez pour acc\u00e9der au Service.<br \/>\net pour toutes les activit\u00e9s ou actions effectu\u00e9es sous votre mot de passe, que ce soit avec notre Service ou un service tiers.<\/p>\n<p>Vous vous engagez \u00e0 ne divulguer votre mot de passe \u00e0 aucun tiers. Vous devez nous en informer imm\u00e9diatement.<br \/>\nsi vous constatez une faille de s\u00e9curit\u00e9 ou une utilisation non autoris\u00e9e de votre compte.<\/p>\n<h2>Liens vers d'autres sites<\/h2>\n<p>Notre Service peut contenir des liens vers des sites Web ou des services tiers<br \/>\nqui ne sont ni d\u00e9tenues ni contr\u00f4l\u00e9es par Agricoltura Bio Koramare.<\/p>\nAgricoltura Bio Koramare n'a aucun contr\u00f4le sur, et n'assume aucune responsabilit\u00e9<br \/>\nper i contenuti, le politiche sulla privacy o le pratiche di qualsiasi sito web o servizio di terze parti.<\/p>\n<p>Riconosci e accetti inoltre che Agricoltura Bio Koramare non sar\u00e0 responsabile,<br \/>\ndirettamente o indirettamente, per eventuali danni o perdite causati o presunti essere causati<br \/>\ndall&#8217;uso o dalla dipendenza da tali contenuti, beni o servizi disponibili su o tramite tali siti web o servizi.<\/p>\n<p>Ti consigliamo vivamente di leggere i termini e le condizioni e le politiche sulla privacy<br \/>\ndi qualsiasi sito web o servizio di terze parti che visiti.<\/p>\n<h2>Terminaison<\/h2>\n<p>Nous pouvons r\u00e9silier ou suspendre votre compte imm\u00e9diatement, sans pr\u00e9avis ni responsabilit\u00e9.<br \/>\npour quelque raison que ce soit, y compris, mais sans s'y limiter, votre violation des Conditions.<\/p>\n<p>En cas de r\u00e9siliation, votre droit d'utiliser le Service cessera imm\u00e9diatement.<br \/>\nSi vous souhaitez r\u00e9silier votre compte, il vous suffit d'arr\u00eater d'utiliser le Service.<\/p>\n<p>Toutes les dispositions des Conditions g\u00e9n\u00e9rales qui, de par leur nature, doivent survivre \u00e0 la r\u00e9siliation<br \/>\nresteront en vigueur, y compris, sans limitation, les dispositions relatives \u00e0 la propri\u00e9t\u00e9,<br \/>\nles clauses d'exclusion de responsabilit\u00e9, d'indemnisation et de limitation de responsabilit\u00e9.<\/p>\n<h2>Disclaimer<\/h2>\n<p>Vous utilisez le Service \u00e0 vos propres risques. Le Service est fourni \u00ab\u00a0tel quel\u00a0\u00bb et \u00ab\u00a0selon disponibilit\u00e9\u00a0\u00bb.<br \/>\nLe Service est fourni sans aucune garantie, expresse ou implicite, y compris,<br \/>\ny compris, mais sans s'y limiter, les garanties implicites de qualit\u00e9 marchande,<br \/>\nad\u00e9quation \u00e0 un usage particulier, absence de contrefa\u00e7on ou conformit\u00e9 aux usages.<\/p>\n<h2>Loi applicable<\/h2>\n<p>Les pr\u00e9sentes conditions g\u00e9n\u00e9rales seront r\u00e9gies et interpr\u00e9t\u00e9es conform\u00e9ment au droit italien.<br \/>\nsans tenir compte de ses principes de conflit de lois.<\/p>\n<p>Le fait que nous n'ayons pas fait valoir un droit ou une disposition quelconque des pr\u00e9sentes Conditions<br \/>\nne sera pas consid\u00e9r\u00e9 comme une renonciation \u00e0 l'un quelconque de ces droits. Si une disposition quelconque des pr\u00e9sentes Conditions<br \/>\nSi une disposition quelconque des pr\u00e9sentes Conditions g\u00e9n\u00e9rales est jug\u00e9e invalide ou inapplicable par un tribunal, les autres dispositions resteront en vigueur.<br \/>\nLes pr\u00e9sentes conditions g\u00e9n\u00e9rales constituent l'int\u00e9gralit\u00e9 de l'accord entre nous concernant notre service.<br \/>\net remplacent et annulent tout accord ant\u00e9rieur que nous aurions pu conclure concernant le Service.<\/p>\n<h2>Changements<\/h2>\n<p>Nous nous r\u00e9servons le droit, \u00e0 notre enti\u00e8re discr\u00e9tion, de modifier ou de remplacer<br \/>\nCes conditions g\u00e9n\u00e9rales peuvent \u00eatre modifi\u00e9es \u00e0 tout moment. Si une modification est importante, nous nous efforcerons de fournir<br \/>\nUn pr\u00e9avis d'au moins 30 jours est requis avant l'entr\u00e9e en vigueur des nouvelles conditions.<br \/>\nCe qui constitue un changement important sera d\u00e9termin\u00e9 \u00e0 notre seule discr\u00e9tion.<\/p>\n<p>En continuant d'acc\u00e9der \u00e0 notre Service ou de l'utiliser apr\u00e8s l'entr\u00e9e en vigueur de ces modifications,<br \/>\nVous acceptez d'\u00eatre li\u00e9 par les conditions r\u00e9vis\u00e9es. Si vous n'acceptez pas les nouvelles conditions, veuillez cesser d'utiliser le Service.<\/p>\n<h2>Contactez-nous<\/h2>\n<p>Si vous avez des questions concernant ces conditions g\u00e9n\u00e9rales, <a href=\"https:\/\/koramare.it\/fr\/contatti\/\">veuillez nous contacter.<\/a>.<\/p>","protected":false},"excerpt":{"rendered":"<p>Ultimo aggiornamento: Si prega di leggere attentamente questi Termini d&#8217;uso (&#8220;Termini&#8221;, &#8220;Termini d&#8217;uso&#8221;) prima di utilizzare il sito web (il &#8220;Servizio&#8221;) gestito da (&#8220;noi&#8221;, &#8220;ci&#8221; o &#8220;nostro&#8221;). Il tuo accesso&#8230;<\/p>","protected":false},"author":1,"featured_media":0,"parent":0,"menu_order":0,"comment_status":"closed","ping_status":"closed","template":"","meta":{"footnotes":""},"class_list":["post-332","page","type-page","status-publish"],"_links":{"self":[{"href":"https:\/\/koramare.it\/fr\/wp-json\/wp\/v2\/pages\/332","targetHints":{"allow":["GET"]}}],"collection":[{"href":"https:\/\/koramare.it\/fr\/wp-json\/wp\/v2\/pages"}],"about":[{"href":"https:\/\/koramare.it\/fr\/wp-json\/wp\/v2\/types\/page"}],"author":[{"embeddable":true,"href":"https:\/\/koramare.it\/fr\/wp-json\/wp\/v2\/users\/1"}],"replies":[{"embeddable":true,"href":"https:\/\/koramare.it\/fr\/wp-json\/wp\/v2\/comments?post=332"}],"version-history":[{"count":0,"href":"https:\/\/koramare.it\/fr\/wp-json\/wp\/v2\/pages\/332\/revisions"}],"wp:attachment":[{"href":"https:\/\/koramare.it\/fr\/wp-json\/wp\/v2\/media?parent=332"}],"curies":[{"name":"wp","href":"https:\/\/api.w.org\/{rel}","templated":true}]}}