{"id":3,"date":"2021-10-07T18:10:09","date_gmt":"2021-10-07T18:10:09","guid":{"rendered":"https:\/\/koramare.it\/?page_id=3"},"modified":"2023-11-29T17:18:18","modified_gmt":"2023-11-29T17:18:18","slug":"privacy-policy","status":"publish","type":"page","link":"https:\/\/koramare.it\/fr\/privacy-policy\/","title":{"rendered":"Politique de confidentialit\u00e9"},"content":{"rendered":"<p><em>Derni\u00e8re mise \u00e0 jour : 29 novembre 2023<\/em><\/p>\nAgricoltura Bio Koramare (\"nous\", \"notre\" \"ou\"\" nos \") exploite le site web Agricoltura Bio Koramare (le \"Service\").<\/p>\n<p>Cette page vous informe de nos politiques concernant la collecte, l'utilisation et la divulgation de vos informations personnelles lorsque vous utilisez notre Service.<\/p>\n<p>Nous n'utiliserons ni ne partagerons vos informations avec quiconque, sauf dans les conditions d\u00e9crites dans la pr\u00e9sente politique de confidentialit\u00e9.<\/p>\n<p>Nous utilisons vos donn\u00e9es personnelles pour fournir et am\u00e9liorer le Service. En utilisant le Service, vous acceptez la collecte et l'utilisation de vos donn\u00e9es conform\u00e9ment \u00e0 la pr\u00e9sente politique. Sauf indication contraire dans la pr\u00e9sente Politique de confidentialit\u00e9, les termes utilis\u00e9s ont la m\u00eame signification que dans nos Conditions g\u00e9n\u00e9rales, accessibles \u00e0 l'adresse https:\/\/koramare.it.<\/p>\n<h2>Collecte et utilisation des informations<\/h2>\n<p>Lors de votre utilisation de notre Service, nous pouvons vous demander de nous fournir certaines informations personnelles permettant de vous contacter ou de vous identifier. Ces informations personnelles (\u00ab\u00a0Informations personnelles\u00a0\u00bb) peuvent inclure, sans s\u2019y limiter\u00a0:<\/p>\n<p>- Nom<br \/>\n\u2013 Adresse e-mail<br \/>\n\u2013 Num\u00e9ro de t\u00e9l\u00e9phone<br \/>\n- Adresse<\/p>\n<h2>Donn\u00e9es d'enregistrement<\/h2>\n<p>Nous recueillons les informations que votre navigateur envoie lorsque vous consultez notre Service (\u00ab\u00a0Donn\u00e9es de journal\u00a0\u00bb). Ces Donn\u00e9es de journal peuvent inclure des informations telles que l\u2019adresse IP de votre ordinateur, le type et la version de votre navigateur, les pages de notre Service que vous consultez, la date et l\u2019heure de votre visite, le temps pass\u00e9 sur ces pages et d\u2019autres statistiques.<\/p>\n<h2>Cookie<\/h2>\n<p>Les cookies sont des fichiers contenant une petite quantit\u00e9 de donn\u00e9es, pouvant inclure un identifiant unique anonyme. Ils sont envoy\u00e9s \u00e0 votre navigateur par un site web et stock\u00e9s sur le disque dur de votre ordinateur.<\/p>\n<p>Nous utilisons des \u00ab\u00a0cookies\u00a0\u00bb pour collecter des informations. Vous pouvez configurer votre navigateur pour refuser tous les cookies ou pour \u00eatre averti lorsqu'un cookie est envoy\u00e9. Toutefois, si vous refusez les cookies, certaines parties de notre Service pourraient ne pas fonctionner correctement.<\/p>\n<h2>Prestataires de services<\/h2>\n<p>Nous pouvons faire appel \u00e0 des soci\u00e9t\u00e9s et des personnes tierces pour faciliter notre Service, fournir le Service en notre nom, r\u00e9aliser des services li\u00e9s au Service ou nous aider \u00e0 analyser l'utilisation de notre Service.<\/p>\n<p>Ces tiers n'ont acc\u00e8s \u00e0 vos informations personnelles que pour effectuer ces t\u00e2ches en notre nom et sont tenus de ne pas les divulguer ni de les utiliser \u00e0 d'autres fins.<\/p>\n<h2>S\u00e9curit\u00e9<\/h2>\n<p>La s\u00e9curit\u00e9 de vos donn\u00e9es personnelles est importante pour nous, mais n'oubliez pas qu'aucune m\u00e9thode de transmission sur Internet ni aucun syst\u00e8me de stockage \u00e9lectronique n'est s\u00fbr \u00e0 100 %. Bien que nous mettions tout en \u0153uvre pour prot\u00e9ger vos donn\u00e9es personnelles par des moyens commercialement acceptables, nous ne pouvons garantir leur s\u00e9curit\u00e9 absolue.<\/p>\n<h2>Liens vers d'autres sites<\/h2>\n<p>Notre Service peut contenir des liens vers d'autres sites non exploit\u00e9s par nous. Si vous cliquez sur un lien tiers, vous serez redirig\u00e9 vers le site de ce tiers. Nous vous recommandons vivement de lire la politique de confidentialit\u00e9 de chaque site que vous visitez.<\/p>\n<p>Nous n'exer\u00e7ons aucun contr\u00f4le et n'assumons aucune responsabilit\u00e9 quant au contenu, aux politiques de confidentialit\u00e9 ou aux pratiques des sites ou services tiers.<\/p>\n<h2>Protection de la vie priv\u00e9e des enfants<\/h2>\n<p>Notre service n'est pas destin\u00e9 aux personnes de moins de 18 ans (\"Enfants\").<\/p>\n<p>Nous ne recueillons pas sciemment d'informations personnelles identifiables aupr\u00e8s des enfants de moins de 18 ans. Si vous \u00eates un parent ou un tuteur et que vous constatez que votre enfant nous a communiqu\u00e9 des informations personnelles, veuillez nous contacter. Si nous d\u00e9couvrons qu'un enfant de moins de 18 ans nous a communiqu\u00e9 des informations personnelles, nous les supprimerons imm\u00e9diatement de nos serveurs.<\/p>\n<h2>Respect des lois<\/h2>\n<p>Nous divulguons vos renseignements personnels lorsque la loi ou un mandat nous y oblige.<\/p>\n<h2>Modifications apport\u00e9es \u00e0 la pr\u00e9sente politique de confidentialit\u00e9<\/h2>\n<p>Nous pouvons \u00eatre amen\u00e9s \u00e0 modifier notre Politique de confidentialit\u00e9. Nous vous informerons de toute modification en publiant la nouvelle Politique de confidentialit\u00e9 sur cette page.<\/p>\n<p>Nous nous r\u00e9servons le droit de modifier notre politique de confidentialit\u00e9. Nous vous informerons de toute modification en publiant la nouvelle politique de confidentialit\u00e9 sur cette page.<\/p>\n<h2>Contactez-nous<\/h2>\n<p>Si vous avez des questions concernant cette politique de confidentialit\u00e9, <a href=\"https:\/\/koramare.it\/fr\/contatti\/\">veuillez nous contacter.<\/a><\/p>","protected":false},"excerpt":{"rendered":"<p>Ultimo aggiornamento: (&#8220;noi&#8221;, &#8220;ci&#8221; o &#8220;nostro&#8221;) gestisce il sito web (il &#8220;Servizio&#8221;). Questa pagina ti informa sulle nostre politiche riguardanti la raccolta, l&#8217;uso e la divulgazione delle informazioni personali quando&#8230;<\/p>","protected":false},"author":1,"featured_media":0,"parent":0,"menu_order":0,"comment_status":"closed","ping_status":"closed","template":"","meta":{"footnotes":""},"class_list":["post-3","page","type-page","status-publish"],"_links":{"self":[{"href":"https:\/\/koramare.it\/fr\/wp-json\/wp\/v2\/pages\/3","targetHints":{"allow":["GET"]}}],"collection":[{"href":"https:\/\/koramare.it\/fr\/wp-json\/wp\/v2\/pages"}],"about":[{"href":"https:\/\/koramare.it\/fr\/wp-json\/wp\/v2\/types\/page"}],"author":[{"embeddable":true,"href":"https:\/\/koramare.it\/fr\/wp-json\/wp\/v2\/users\/1"}],"replies":[{"embeddable":true,"href":"https:\/\/koramare.it\/fr\/wp-json\/wp\/v2\/comments?post=3"}],"version-history":[{"count":0,"href":"https:\/\/koramare.it\/fr\/wp-json\/wp\/v2\/pages\/3\/revisions"}],"wp:attachment":[{"href":"https:\/\/koramare.it\/fr\/wp-json\/wp\/v2\/media?parent=3"}],"curies":[{"name":"wp","href":"https:\/\/api.w.org\/{rel}","templated":true}]}}